{"id":870,"date":"2026-03-10T15:09:22","date_gmt":"2026-03-10T14:09:22","guid":{"rendered":"https:\/\/campingkikmolen.be\/?page_id=870"},"modified":"2026-03-19T15:54:30","modified_gmt":"2026-03-19T14:54:30","slug":"hebergement","status":"publish","type":"page","link":"https:\/\/campingkikmolen.be\/fr\/accomodaties\/","title":{"rendered":"H\u00e9bergement"},"content":{"rendered":"<div data-elementor-type=\"wp-page\" data-elementor-id=\"870\" class=\"elementor elementor-870\" data-elementor-post-type=\"page\">\n\t\t\t\t<div class=\"elementor-element elementor-element-b7b9a3b e-flex e-con-boxed e-con e-parent\" data-id=\"b7b9a3b\" data-element_type=\"container\" data-e-type=\"container\" data-settings=\"{&quot;background_background&quot;:&quot;classic&quot;}\">\n\t\t\t\t\t<div class=\"e-con-inner\">\n\t\t\t\t\t<\/div>\n\t\t\t\t<\/div>\n\t\t<div class=\"elementor-element elementor-element-7f0b590 e-flex e-con-boxed e-con e-parent\" data-id=\"7f0b590\" data-element_type=\"container\" data-e-type=\"container\" data-settings=\"{&quot;background_background&quot;:&quot;classic&quot;}\">\n\t\t\t\t\t<div class=\"e-con-inner\">\n\t\t\t\t<div class=\"elementor-element elementor-element-ac7c131 elementor-widget elementor-widget-html\" data-id=\"ac7c131\" data-element_type=\"widget\" data-e-type=\"widget\" data-widget_type=\"html.default\">\n\t\t\t\t\t<ctv-searchbar ><\/ctv-searchbar>\t\t\t\t<\/div>\n\t\t\t\t\t<\/div>\n\t\t\t\t<\/div>\n\t\t<div class=\"elementor-element elementor-element-c3ea4a2 e-flex e-con-boxed e-con e-parent\" data-id=\"c3ea4a2\" data-element_type=\"container\" data-e-type=\"container\" data-settings=\"{&quot;background_background&quot;:&quot;classic&quot;}\">\n\t\t\t\t\t<div class=\"e-con-inner\">\n\t\t\t\t<div class=\"elementor-element elementor-element-4096234 elementor-widget elementor-widget-text-editor\" data-id=\"4096234\" data-element_type=\"widget\" data-e-type=\"widget\" data-widget_type=\"text-editor.default\">\n\t\t\t\t\t\t\t\t\t<p><strong data-start=\"0\" data-end=\"48\">S\u00e9journez \u00e0 votre guise au Camping Kikmolen<\/strong><\/p>\t\t\t\t\t\t\t\t<\/div>\n\t\t\t\t<div class=\"elementor-element elementor-element-8a0e53e elementor-widget elementor-widget-heading\" data-id=\"8a0e53e\" data-element_type=\"widget\" data-e-type=\"widget\" data-widget_type=\"heading.default\">\n\t\t\t\t\t<h3 class=\"elementor-heading-title elementor-size-default\">D\u00e9tendez-vous et profitez-en \u00e0 votre rythme<\/h3>\t\t\t\t<\/div>\n\t\t\t\t<div class=\"elementor-element elementor-element-7c319b5 elementor-widget__width-initial elementor-widget elementor-widget-text-editor\" data-id=\"7c319b5\" data-element_type=\"widget\" data-e-type=\"widget\" data-widget_type=\"text-editor.default\">\n\t\t\t\t\t\t\t\t\t<p data-start=\"93\" data-end=\"332\">Choisissez ce qui vous convient le mieux : un emplacement de camping, un emplacement de camping-car ou un chalet confortable. Avec la nature \u00e0 proximit\u00e9 et tous les \u00e9quipements sur place, il est facile de rester un peu plus longtemps et de d\u00e9couvrir la r\u00e9gion \u00e0 son rythme.<\/p>\t\t\t\t\t\t\t\t<\/div>\n\t\t<div class=\"elementor-element elementor-element-749ca90 e-con-full e-flex e-con e-child\" data-id=\"749ca90\" data-element_type=\"container\" data-e-type=\"container\">\n\t\t<a class=\"elementor-element elementor-element-07dc1a1 e-con-full plaats toer e-flex elementor-invisible e-con e-child\" data-id=\"07dc1a1\" data-element_type=\"container\" data-e-type=\"container\" data-settings=\"{&quot;background_background&quot;:&quot;classic&quot;,&quot;animation&quot;:&quot;fadeIn&quot;}\" href=\"https:\/\/campingkikmolen.be\/fr\/accomodaties\/caravans-en-tenten\/\">\n\t\t\t\t<div class=\"elementor-element elementor-element-2b3f1ca kaart-icon elementor-absolute elementor-view-default elementor-widget elementor-widget-icon\" data-id=\"2b3f1ca\" data-element_type=\"widget\" data-e-type=\"widget\" data-settings=\"{&quot;_position&quot;:&quot;absolute&quot;}\" data-widget_type=\"icon.default\">\n\t\t\t\t\t\t\t<div class=\"elementor-icon-wrapper\">\n\t\t\t<div class=\"elementor-icon\">\n\t\t\t<svg xmlns=\"http:\/\/www.w3.org\/2000\/svg\" width=\"65\" height=\"65\" viewbox=\"0 0 65 65\" fill=\"none\"><rect x=\"65\" y=\"2.84124e-06\" width=\"65\" height=\"65\" rx=\"32.5\" transform=\"rotate(90 65 2.84124e-06)\" fill=\"#F2F1EE\"><\/rect><path d=\"M33.2921 40.7214C33.1991 40.6332 33.1253 40.5284 33.075 40.4131C33.0247 40.2978 32.9988 40.1742 32.9988 40.0493C32.9988 39.9245 33.0247 39.8009 33.075 39.6856C33.1253 39.5702 33.1991 39.4655 33.2921 39.3772L40.5856 32.4498L21 32.4498C20.7348 32.4498 20.4804 32.3497 20.2929 32.1716C20.1054 31.9935 20 31.7518 20 31.4999C20 31.248 20.1054 31.0063 20.2929 30.8282C20.4804 30.65 20.7348 30.55 21 30.55L40.5856 30.55L33.2921 23.6225C33.1044 23.4443 32.999 23.2025 32.999 22.9505C32.999 22.6984 33.1044 22.4566 33.2921 22.2784C33.4797 22.1001 33.7342 22 33.9995 22C34.2649 22 34.5194 22.1001 34.707 22.2784L43.7067 30.8278C43.7997 30.916 43.8735 31.0208 43.9238 31.1361C43.9741 31.2514 44 31.3751 44 31.4999C44 31.6247 43.9741 31.7483 43.9238 31.8637C43.8735 31.979 43.7997 32.0838 43.7067 32.172L34.707 40.7214C34.6142 40.8097 34.5039 40.8798 34.3825 40.9276C34.2611 40.9754 34.131 41 33.9995 41C33.8681 41 33.738 40.9754 33.6166 40.9276C33.4952 40.8798 33.3849 40.8097 33.2921 40.7214Z\" fill=\"#2D4B2A\"><\/path><\/svg>\t\t\t<\/div>\n\t\t<\/div>\n\t\t\t\t\t\t<\/div>\n\t\t<div class=\"elementor-element elementor-element-91a5a6b e-con-full e-flex e-con e-child\" data-id=\"91a5a6b\" data-element_type=\"container\" data-e-type=\"container\">\n\t\t\t\t<div class=\"elementor-element elementor-element-d1bf116 elementor-widget elementor-widget-heading\" data-id=\"d1bf116\" data-element_type=\"widget\" data-e-type=\"widget\" data-widget_type=\"heading.default\">\n\t\t\t\t\t<h4 class=\"elementor-heading-title elementor-size-default\">Caravanes et tentes<\/h4>\t\t\t\t<\/div>\n\t\t\t\t<div class=\"elementor-element elementor-element-35551b8 elementor-widget elementor-widget-text-editor\" data-id=\"35551b8\" data-element_type=\"widget\" data-e-type=\"widget\" data-widget_type=\"text-editor.default\">\n\t\t\t\t\t\t\t\t\t<p data-start=\"339\" data-end=\"435\">Emplacements spacieux pour tentes et caravanes, avec \u00e9lectricit\u00e9 et parking \u00e0 proximit\u00e9.<\/p>\t\t\t\t\t\t\t\t<\/div>\n\t\t\t\t<\/div>\n\t\t\t\t<\/a>\n\t\t<a class=\"elementor-element elementor-element-ccdfebf e-con-full plaats camper e-flex elementor-invisible e-con e-child\" data-id=\"ccdfebf\" data-element_type=\"container\" data-e-type=\"container\" data-settings=\"{&quot;background_background&quot;:&quot;classic&quot;,&quot;animation&quot;:&quot;fadeIn&quot;,&quot;animation_delay&quot;:100}\" href=\"https:\/\/campingkikmolen.be\/fr\/accomodaties\/campers-en-mobilhomes\/\">\n\t\t\t\t<div class=\"elementor-element elementor-element-3aa4a54 elementor-absolute kaart-icon elementor-view-default elementor-widget elementor-widget-icon\" data-id=\"3aa4a54\" data-element_type=\"widget\" data-e-type=\"widget\" data-settings=\"{&quot;_position&quot;:&quot;absolute&quot;}\" data-widget_type=\"icon.default\">\n\t\t\t\t\t\t\t<div class=\"elementor-icon-wrapper\">\n\t\t\t<div class=\"elementor-icon\">\n\t\t\t<svg xmlns=\"http:\/\/www.w3.org\/2000\/svg\" width=\"65\" height=\"65\" viewbox=\"0 0 65 65\" fill=\"none\"><rect x=\"65\" y=\"2.84124e-06\" width=\"65\" height=\"65\" rx=\"32.5\" transform=\"rotate(90 65 2.84124e-06)\" fill=\"#F2F1EE\"><\/rect><path d=\"M33.2921 40.7214C33.1991 40.6332 33.1253 40.5284 33.075 40.4131C33.0247 40.2978 32.9988 40.1742 32.9988 40.0493C32.9988 39.9245 33.0247 39.8009 33.075 39.6856C33.1253 39.5702 33.1991 39.4655 33.2921 39.3772L40.5856 32.4498L21 32.4498C20.7348 32.4498 20.4804 32.3497 20.2929 32.1716C20.1054 31.9935 20 31.7518 20 31.4999C20 31.248 20.1054 31.0063 20.2929 30.8282C20.4804 30.65 20.7348 30.55 21 30.55L40.5856 30.55L33.2921 23.6225C33.1044 23.4443 32.999 23.2025 32.999 22.9505C32.999 22.6984 33.1044 22.4566 33.2921 22.2784C33.4797 22.1001 33.7342 22 33.9995 22C34.2649 22 34.5194 22.1001 34.707 22.2784L43.7067 30.8278C43.7997 30.916 43.8735 31.0208 43.9238 31.1361C43.9741 31.2514 44 31.3751 44 31.4999C44 31.6247 43.9741 31.7483 43.9238 31.8637C43.8735 31.979 43.7997 32.0838 43.7067 32.172L34.707 40.7214C34.6142 40.8097 34.5039 40.8798 34.3825 40.9276C34.2611 40.9754 34.131 41 33.9995 41C33.8681 41 33.738 40.9754 33.6166 40.9276C33.4952 40.8798 33.3849 40.8097 33.2921 40.7214Z\" fill=\"#2D4B2A\"><\/path><\/svg>\t\t\t<\/div>\n\t\t<\/div>\n\t\t\t\t\t\t<\/div>\n\t\t<div class=\"elementor-element elementor-element-76c5259 e-con-full e-flex e-con e-child\" data-id=\"76c5259\" data-element_type=\"container\" data-e-type=\"container\">\n\t\t\t\t<div class=\"elementor-element elementor-element-ed49aa6 elementor-widget elementor-widget-heading\" data-id=\"ed49aa6\" data-element_type=\"widget\" data-e-type=\"widget\" data-widget_type=\"heading.default\">\n\t\t\t\t\t<h4 class=\"elementor-heading-title elementor-size-default\">Camping-cars et caravanes<\/h4>\t\t\t\t<\/div>\n\t\t\t\t<div class=\"elementor-element elementor-element-5c76e64 elementor-widget elementor-widget-text-editor\" data-id=\"5c76e64\" data-element_type=\"widget\" data-e-type=\"widget\" data-widget_type=\"text-editor.default\">\n\t\t\t\t\t\t\t\t\t<p>Emplacements pour camping-cars facilement accessibles, avec \u00e9lectricit\u00e9 et station-service gratuite.<\/p>\t\t\t\t\t\t\t\t<\/div>\n\t\t\t\t<\/div>\n\t\t\t\t<\/a>\n\t\t<a class=\"elementor-element elementor-element-7a26424 e-con-full plaats camper e-flex elementor-invisible e-con e-child\" data-id=\"7a26424\" data-element_type=\"container\" data-e-type=\"container\" data-settings=\"{&quot;background_background&quot;:&quot;classic&quot;,&quot;animation&quot;:&quot;fadeIn&quot;,&quot;animation_delay&quot;:200}\" href=\"https:\/\/campingkikmolen.be\/fr\/accomodaties\/chalets\/\">\n\t\t\t\t<div class=\"elementor-element elementor-element-5ba0337 elementor-absolute kaart-icon elementor-view-default elementor-widget elementor-widget-icon\" data-id=\"5ba0337\" data-element_type=\"widget\" data-e-type=\"widget\" data-settings=\"{&quot;_position&quot;:&quot;absolute&quot;}\" data-widget_type=\"icon.default\">\n\t\t\t\t\t\t\t<div class=\"elementor-icon-wrapper\">\n\t\t\t<div class=\"elementor-icon\">\n\t\t\t<svg xmlns=\"http:\/\/www.w3.org\/2000\/svg\" width=\"65\" height=\"65\" viewbox=\"0 0 65 65\" fill=\"none\"><rect x=\"65\" y=\"2.84124e-06\" width=\"65\" height=\"65\" rx=\"32.5\" transform=\"rotate(90 65 2.84124e-06)\" fill=\"#F2F1EE\"><\/rect><path d=\"M33.2921 40.7214C33.1991 40.6332 33.1253 40.5284 33.075 40.4131C33.0247 40.2978 32.9988 40.1742 32.9988 40.0493C32.9988 39.9245 33.0247 39.8009 33.075 39.6856C33.1253 39.5702 33.1991 39.4655 33.2921 39.3772L40.5856 32.4498L21 32.4498C20.7348 32.4498 20.4804 32.3497 20.2929 32.1716C20.1054 31.9935 20 31.7518 20 31.4999C20 31.248 20.1054 31.0063 20.2929 30.8282C20.4804 30.65 20.7348 30.55 21 30.55L40.5856 30.55L33.2921 23.6225C33.1044 23.4443 32.999 23.2025 32.999 22.9505C32.999 22.6984 33.1044 22.4566 33.2921 22.2784C33.4797 22.1001 33.7342 22 33.9995 22C34.2649 22 34.5194 22.1001 34.707 22.2784L43.7067 30.8278C43.7997 30.916 43.8735 31.0208 43.9238 31.1361C43.9741 31.2514 44 31.3751 44 31.4999C44 31.6247 43.9741 31.7483 43.9238 31.8637C43.8735 31.979 43.7997 32.0838 43.7067 32.172L34.707 40.7214C34.6142 40.8097 34.5039 40.8798 34.3825 40.9276C34.2611 40.9754 34.131 41 33.9995 41C33.8681 41 33.738 40.9754 33.6166 40.9276C33.4952 40.8798 33.3849 40.8097 33.2921 40.7214Z\" fill=\"#2D4B2A\"><\/path><\/svg>\t\t\t<\/div>\n\t\t<\/div>\n\t\t\t\t\t\t<\/div>\n\t\t<div class=\"elementor-element elementor-element-1f101c9 e-con-full e-flex e-con e-child\" data-id=\"1f101c9\" data-element_type=\"container\" data-e-type=\"container\">\n\t\t\t\t<div class=\"elementor-element elementor-element-fb734f8 elementor-widget elementor-widget-heading\" data-id=\"fb734f8\" data-element_type=\"widget\" data-e-type=\"widget\" data-widget_type=\"heading.default\">\n\t\t\t\t\t<h4 class=\"elementor-heading-title elementor-size-default\">Chalets<\/h4>\t\t\t\t<\/div>\n\t\t\t\t<div class=\"elementor-element elementor-element-7df082c elementor-widget elementor-widget-text-editor\" data-id=\"7df082c\" data-element_type=\"widget\" data-e-type=\"widget\" data-widget_type=\"text-editor.default\">\n\t\t\t\t\t\t\t\t\t<p data-start=\"652\" data-end=\"727\">Aucune pr\u00e9paration n'est n\u00e9cessaire. Il suffit d'arriver et de se d\u00e9tendre. Chalet pour 4-6 personnes, \u00e0 proximit\u00e9 de la piscine et de l'aire de jeux.<\/p>\t\t\t\t\t\t\t\t<\/div>\n\t\t\t\t<\/div>\n\t\t\t\t<\/a>\n\t\t<a class=\"elementor-element elementor-element-b984919 e-con-full plaats jaar e-flex elementor-invisible e-con e-child\" data-id=\"b984919\" data-element_type=\"container\" data-e-type=\"container\" data-settings=\"{&quot;background_background&quot;:&quot;classic&quot;,&quot;animation&quot;:&quot;fadeIn&quot;,&quot;animation_delay&quot;:200}\" href=\"https:\/\/campingkikmolen.be\/fr\/accomodaties\/jaarplaatsen\/\">\n\t\t\t\t<div class=\"elementor-element elementor-element-4df29fe elementor-absolute kaart-icon elementor-view-default elementor-widget elementor-widget-icon\" data-id=\"4df29fe\" data-element_type=\"widget\" data-e-type=\"widget\" data-settings=\"{&quot;_position&quot;:&quot;absolute&quot;}\" data-widget_type=\"icon.default\">\n\t\t\t\t\t\t\t<div class=\"elementor-icon-wrapper\">\n\t\t\t<div class=\"elementor-icon\">\n\t\t\t<svg xmlns=\"http:\/\/www.w3.org\/2000\/svg\" width=\"65\" height=\"65\" viewbox=\"0 0 65 65\" fill=\"none\"><rect x=\"65\" y=\"2.84124e-06\" width=\"65\" height=\"65\" rx=\"32.5\" transform=\"rotate(90 65 2.84124e-06)\" fill=\"#F2F1EE\"><\/rect><path d=\"M33.2921 40.7214C33.1991 40.6332 33.1253 40.5284 33.075 40.4131C33.0247 40.2978 32.9988 40.1742 32.9988 40.0493C32.9988 39.9245 33.0247 39.8009 33.075 39.6856C33.1253 39.5702 33.1991 39.4655 33.2921 39.3772L40.5856 32.4498L21 32.4498C20.7348 32.4498 20.4804 32.3497 20.2929 32.1716C20.1054 31.9935 20 31.7518 20 31.4999C20 31.248 20.1054 31.0063 20.2929 30.8282C20.4804 30.65 20.7348 30.55 21 30.55L40.5856 30.55L33.2921 23.6225C33.1044 23.4443 32.999 23.2025 32.999 22.9505C32.999 22.6984 33.1044 22.4566 33.2921 22.2784C33.4797 22.1001 33.7342 22 33.9995 22C34.2649 22 34.5194 22.1001 34.707 22.2784L43.7067 30.8278C43.7997 30.916 43.8735 31.0208 43.9238 31.1361C43.9741 31.2514 44 31.3751 44 31.4999C44 31.6247 43.9741 31.7483 43.9238 31.8637C43.8735 31.979 43.7997 32.0838 43.7067 32.172L34.707 40.7214C34.6142 40.8097 34.5039 40.8798 34.3825 40.9276C34.2611 40.9754 34.131 41 33.9995 41C33.8681 41 33.738 40.9754 33.6166 40.9276C33.4952 40.8798 33.3849 40.8097 33.2921 40.7214Z\" fill=\"#2D4B2A\"><\/path><\/svg>\t\t\t<\/div>\n\t\t<\/div>\n\t\t\t\t\t\t<\/div>\n\t\t<div class=\"elementor-element elementor-element-4191d96 e-con-full e-flex e-con e-child\" data-id=\"4191d96\" data-element_type=\"container\" data-e-type=\"container\">\n\t\t\t\t<div class=\"elementor-element elementor-element-aba05b8 elementor-widget elementor-widget-heading\" data-id=\"aba05b8\" data-element_type=\"widget\" data-e-type=\"widget\" data-widget_type=\"heading.default\">\n\t\t\t\t\t<h4 class=\"elementor-heading-title elementor-size-default\">Emplacements annuels<\/h4>\t\t\t\t<\/div>\n\t\t\t\t<div class=\"elementor-element elementor-element-960f3fc elementor-widget elementor-widget-text-editor\" data-id=\"960f3fc\" data-element_type=\"widget\" data-e-type=\"widget\" data-widget_type=\"text-editor.default\">\n\t\t\t\t\t\t\t\t\t<p>Il suffit de tout laisser en place et de profiter de son propre espace pendant toute la saison.<\/p>\t\t\t\t\t\t\t\t<\/div>\n\t\t\t\t<\/div>\n\t\t\t\t<\/a>\n\t\t<a class=\"elementor-element elementor-element-fde9fd2 e-con-full plaats toer e-flex elementor-invisible e-con e-child\" data-id=\"fde9fd2\" data-element_type=\"container\" data-e-type=\"container\" data-settings=\"{&quot;background_background&quot;:&quot;classic&quot;,&quot;animation&quot;:&quot;fadeIn&quot;}\" href=\"https:\/\/campingkikmolen.be\/fr\/accomodaties\/seizoensplaatsen\/\">\n\t\t\t\t<div class=\"elementor-element elementor-element-900b8f4 elementor-absolute kaart-icon elementor-view-default elementor-widget elementor-widget-icon\" data-id=\"900b8f4\" data-element_type=\"widget\" data-e-type=\"widget\" data-settings=\"{&quot;_position&quot;:&quot;absolute&quot;}\" data-widget_type=\"icon.default\">\n\t\t\t\t\t\t\t<div class=\"elementor-icon-wrapper\">\n\t\t\t<div class=\"elementor-icon\">\n\t\t\t<svg xmlns=\"http:\/\/www.w3.org\/2000\/svg\" width=\"65\" height=\"65\" viewbox=\"0 0 65 65\" fill=\"none\"><rect x=\"65\" y=\"2.84124e-06\" width=\"65\" height=\"65\" rx=\"32.5\" transform=\"rotate(90 65 2.84124e-06)\" fill=\"#F2F1EE\"><\/rect><path d=\"M33.2921 40.7214C33.1991 40.6332 33.1253 40.5284 33.075 40.4131C33.0247 40.2978 32.9988 40.1742 32.9988 40.0493C32.9988 39.9245 33.0247 39.8009 33.075 39.6856C33.1253 39.5702 33.1991 39.4655 33.2921 39.3772L40.5856 32.4498L21 32.4498C20.7348 32.4498 20.4804 32.3497 20.2929 32.1716C20.1054 31.9935 20 31.7518 20 31.4999C20 31.248 20.1054 31.0063 20.2929 30.8282C20.4804 30.65 20.7348 30.55 21 30.55L40.5856 30.55L33.2921 23.6225C33.1044 23.4443 32.999 23.2025 32.999 22.9505C32.999 22.6984 33.1044 22.4566 33.2921 22.2784C33.4797 22.1001 33.7342 22 33.9995 22C34.2649 22 34.5194 22.1001 34.707 22.2784L43.7067 30.8278C43.7997 30.916 43.8735 31.0208 43.9238 31.1361C43.9741 31.2514 44 31.3751 44 31.4999C44 31.6247 43.9741 31.7483 43.9238 31.8637C43.8735 31.979 43.7997 32.0838 43.7067 32.172L34.707 40.7214C34.6142 40.8097 34.5039 40.8798 34.3825 40.9276C34.2611 40.9754 34.131 41 33.9995 41C33.8681 41 33.738 40.9754 33.6166 40.9276C33.4952 40.8798 33.3849 40.8097 33.2921 40.7214Z\" fill=\"#2D4B2A\"><\/path><\/svg>\t\t\t<\/div>\n\t\t<\/div>\n\t\t\t\t\t\t<\/div>\n\t\t<div class=\"elementor-element elementor-element-ac8a940 e-con-full e-flex e-con e-child\" data-id=\"ac8a940\" data-element_type=\"container\" data-e-type=\"container\">\n\t\t\t\t<div class=\"elementor-element elementor-element-bbd4178 elementor-widget elementor-widget-heading\" data-id=\"bbd4178\" data-element_type=\"widget\" data-e-type=\"widget\" data-widget_type=\"heading.default\">\n\t\t\t\t\t<h4 class=\"elementor-heading-title elementor-size-default\">Emplacements saisonniers<\/h4>\t\t\t\t<\/div>\n\t\t\t\t<div class=\"elementor-element elementor-element-f8c0fbd elementor-widget elementor-widget-text-editor\" data-id=\"f8c0fbd\" data-element_type=\"widget\" data-e-type=\"widget\" data-widget_type=\"text-editor.default\">\n\t\t\t\t\t\t\t\t\t<p>Votre base d'op\u00e9rations pour des semaines, pas pour des jours. Profitez du camping \u00e0 votre rythme.<\/p>\t\t\t\t\t\t\t\t<\/div>\n\t\t\t\t<\/div>\n\t\t\t\t<\/a>\n\t\t\t\t<\/div>\n\t\t\t\t<div class=\"elementor-element elementor-element-52f7e1b elementor-align-center elementor-widget elementor-widget-button\" data-id=\"52f7e1b\" data-element_type=\"widget\" data-e-type=\"widget\" data-widget_type=\"button.default\">\n\t\t\t\t\t\t\t\t\t\t<a class=\"elementor-button elementor-button-link elementor-size-sm\" href=\"https:\/\/reservation.secureholiday.net\/nl\/5358\" target=\"_blank\">\n\t\t\t\t\t\t<span class=\"elementor-button-content-wrapper\">\n\t\t\t\t\t\t\t\t\t<span class=\"elementor-button-text\">Je veux r\u00e9server !<\/span>\n\t\t\t\t\t<\/span>\n\t\t\t\t\t<\/a>\n\t\t\t\t\t\t\t\t<\/div>\n\t\t\t\t\t<\/div>\n\t\t\t\t<\/div>\n\t\t\t\t<\/div>","protected":false},"excerpt":{"rendered":"<p>Verblijf op jouw manier bij Camping Kikmolen Kom tot rust en geniet op jouw tempo Kies wat het beste bij je past: een kampeerplaats, een camperplaats of een gezellige chalet. Met de natuur vlakbij en alle voorzieningen op het terrein, is het makkelijk om wat langer te blijven en de streek op je eigen tempo &#8230; <a title=\"H\u00e9bergement\" class=\"read-more\" href=\"https:\/\/campingkikmolen.be\/fr\/accomodaties\/\" aria-label=\"En savoir plus sur Accomodaties\">Lire la suite<\/a><\/p>","protected":false},"author":1,"featured_media":0,"parent":0,"menu_order":0,"comment_status":"closed","ping_status":"closed","template":"","meta":{"_acf_changed":false,"footnotes":""},"class_list":["post-870","page","type-page","status-publish"],"acf":[],"_links":{"self":[{"href":"https:\/\/campingkikmolen.be\/fr\/wp-json\/wp\/v2\/pages\/870","targetHints":{"allow":["GET"]}}],"collection":[{"href":"https:\/\/campingkikmolen.be\/fr\/wp-json\/wp\/v2\/pages"}],"about":[{"href":"https:\/\/campingkikmolen.be\/fr\/wp-json\/wp\/v2\/types\/page"}],"author":[{"embeddable":true,"href":"https:\/\/campingkikmolen.be\/fr\/wp-json\/wp\/v2\/users\/1"}],"replies":[{"embeddable":true,"href":"https:\/\/campingkikmolen.be\/fr\/wp-json\/wp\/v2\/comments?post=870"}],"version-history":[{"count":34,"href":"https:\/\/campingkikmolen.be\/fr\/wp-json\/wp\/v2\/pages\/870\/revisions"}],"predecessor-version":[{"id":1270,"href":"https:\/\/campingkikmolen.be\/fr\/wp-json\/wp\/v2\/pages\/870\/revisions\/1270"}],"wp:attachment":[{"href":"https:\/\/campingkikmolen.be\/fr\/wp-json\/wp\/v2\/media?parent=870"}],"curies":[{"name":"wp","href":"https:\/\/api.w.org\/{rel}","templated":true}]}}